{"id":17,"date":"2017-02-25T13:08:03","date_gmt":"2017-02-25T12:08:03","guid":{"rendered":"http:\/\/fishbone.dk\/?page_id=17"},"modified":"2017-07-28T14:55:08","modified_gmt":"2017-07-28T12:55:08","slug":"om-os","status":"publish","type":"page","link":"http:\/\/fishbone.dk\/?page_id=17","title":{"rendered":"Om os"},"content":{"rendered":"<h2 style=\"text-align: center;\">Kort fortalt<\/h2>\n<p style=\"text-align: center;\">Vi er en hyggelig social k\u00f8reklub uden klubhus, der samles et par gange om m\u00e5neden for at<br \/>\ndyrke en f\u00e6lles interesse i mc&#8217;er og unikke k\u00f8ret\u00f8jer samt nyde turen p\u00e5 landevejen.&nbsp;<\/p>\n<p style=\"text-align: center;\">Klubben har eget designet rygm\u00e6rke som ikke er obligatorisk at b\u00e6re.&nbsp;<\/p>\n<p style=\"text-align: center;\">Det vigtigste for vores medlemmer er at kemien passer ind i det sociale i klubben.&nbsp;<\/p>\n<p style=\"text-align: center;\">&nbsp;<\/p>\n<p style=\"text-align: center;\">Der er plads til flere.<\/p>\n<p style=\"text-align: center;\">Send os en mail p\u00e5<\/p>\n<p style=\"text-align: center;\">Fishbone.motorclub@gmail.com&nbsp;<\/p>\n<p style=\"text-align: center;\">Vi svarer hurtigst muligt.<\/p>\n<p style=\"text-align: center;\">S\u00e5 kan vi k\u00f8re et par ture sammen og se om kemien passer.<\/p>\n<p style=\"text-align: center;\">Vi ses derude.<\/p>\n<p style=\"text-align: center;\">&nbsp;<\/p>\n","protected":false},"excerpt":{"rendered":"<p>Kort fortalt Vi er en hyggelig social k\u00f8reklub uden klubhus, der samles et par gange om m\u00e5neden for at dyrke en f\u00e6lles interesse i mc&#8217;er og unikke k\u00f8ret\u00f8jer samt nyde turen p\u00e5 landevejen.&nbsp; Klubben har eget designet rygm\u00e6rke som ikke er obligatorisk at b\u00e6re.&nbsp; Det vigtigste for vores medlemmer er [&hellip;]<\/p>\n","protected":false},"author":1,"featured_media":0,"parent":0,"menu_order":0,"comment_status":"closed","ping_status":"closed","template":"","meta":{"ngg_post_thumbnail":0},"_links":{"self":[{"href":"http:\/\/fishbone.dk\/index.php?rest_route=\/wp\/v2\/pages\/17"}],"collection":[{"href":"http:\/\/fishbone.dk\/index.php?rest_route=\/wp\/v2\/pages"}],"about":[{"href":"http:\/\/fishbone.dk\/index.php?rest_route=\/wp\/v2\/types\/page"}],"author":[{"embeddable":true,"href":"http:\/\/fishbone.dk\/index.php?rest_route=\/wp\/v2\/users\/1"}],"replies":[{"embeddable":true,"href":"http:\/\/fishbone.dk\/index.php?rest_route=%2Fwp%2Fv2%2Fcomments&post=17"}],"version-history":[{"count":8,"href":"http:\/\/fishbone.dk\/index.php?rest_route=\/wp\/v2\/pages\/17\/revisions"}],"predecessor-version":[{"id":533,"href":"http:\/\/fishbone.dk\/index.php?rest_route=\/wp\/v2\/pages\/17\/revisions\/533"}],"wp:attachment":[{"href":"http:\/\/fishbone.dk\/index.php?rest_route=%2Fwp%2Fv2%2Fmedia&parent=17"}],"curies":[{"name":"wp","href":"https:\/\/api.w.org\/{rel}","templated":true}]}}