{"id":32,"date":"2017-02-25T13:10:45","date_gmt":"2017-02-25T12:10:45","guid":{"rendered":"http:\/\/fishbone.dk\/?page_id=32"},"modified":"2017-07-28T14:57:28","modified_gmt":"2017-07-28T12:57:28","slug":"betingelser","status":"publish","type":"page","link":"http:\/\/fishbone.dk\/?page_id=32","title":{"rendered":"KLUB REGLER"},"content":{"rendered":"<h3 style=\"text-align: center;\">Regler for Fishbone Motorclub<\/h3>\n<p><\/p>\n<ol>\n<li>Vi er en k\u00f8re klub for folk med motorcykler, USA biler, Cabrioleter, V8 o.lign.<\/li>\n<p><\/p>\n<li>For at blive aktivt medlem skal man: Have motorcykel eller bil som skal v\u00e6re p\u00e5 plader og godkendes af bestyrelsen. Eller v\u00e6re i et fast forhold til et aktivt medlem.<\/li>\n<p><\/p>\n<li>Medlemmer skal v\u00e6re aktive, og deltage i m\u00f8der og arrangementer flere gange om \u00e5ret.<\/li>\n<p><\/p>\n<li>Narko og kriminalitet accepteres ikke og vil medf\u00f8re \u00f8jeblikkelig bortvisning.<\/li>\n<p><\/p>\n<li>Fishbone rygm\u00e6rke b\u00e6res kun af godkendte medlemmer, er man ude af klubben m\u00e5 man ikke b\u00e6re m\u00e6rket offentligt mere.<\/li>\n<p><\/p>\n<li>En enig bestyrelse kan til enhver tid ekskludere medlemmer for d\u00e5rlige opf\u00f8relse.&nbsp;<\/li>\n<p><\/p>\n<li>Bestyrelsen best\u00e5r af de 3 grundl\u00e6ggere, som ikke er p\u00e5 valg, samt to aktive medlemmer, &nbsp;som er p\u00e5 valg hvert \u00e5r til for\u00e5rs m\u00f8det.<\/li>\n<p><\/p>\n<li>Bestyrelsen st\u00e5r udelukkende for alt merchandise.<\/li>\n<p><\/p>\n<li>Indmeldelse i klubben koster 50,- kr.<\/li>\n<p><\/p>\n<li>\u00c5rligt kontingent koster 50,- kr og g\u00e6lder for kalender \u00e5r.<\/li>\n<p>\n<\/ol>\n","protected":false},"excerpt":{"rendered":"<p>Regler for Fishbone Motorclub Vi er en k\u00f8re klub for folk med motorcykler, USA biler, Cabrioleter, V8 o.lign. For at blive aktivt medlem skal man: Have motorcykel eller bil som skal v\u00e6re p\u00e5 plader og godkendes af bestyrelsen. Eller v\u00e6re i et fast forhold til et aktivt medlem. Medlemmer skal [&hellip;]<\/p>\n","protected":false},"author":1,"featured_media":0,"parent":0,"menu_order":0,"comment_status":"closed","ping_status":"closed","template":"","meta":{"ngg_post_thumbnail":0},"_links":{"self":[{"href":"http:\/\/fishbone.dk\/index.php?rest_route=\/wp\/v2\/pages\/32"}],"collection":[{"href":"http:\/\/fishbone.dk\/index.php?rest_route=\/wp\/v2\/pages"}],"about":[{"href":"http:\/\/fishbone.dk\/index.php?rest_route=\/wp\/v2\/types\/page"}],"author":[{"embeddable":true,"href":"http:\/\/fishbone.dk\/index.php?rest_route=\/wp\/v2\/users\/1"}],"replies":[{"embeddable":true,"href":"http:\/\/fishbone.dk\/index.php?rest_route=%2Fwp%2Fv2%2Fcomments&post=32"}],"version-history":[{"count":10,"href":"http:\/\/fishbone.dk\/index.php?rest_route=\/wp\/v2\/pages\/32\/revisions"}],"predecessor-version":[{"id":534,"href":"http:\/\/fishbone.dk\/index.php?rest_route=\/wp\/v2\/pages\/32\/revisions\/534"}],"wp:attachment":[{"href":"http:\/\/fishbone.dk\/index.php?rest_route=%2Fwp%2Fv2%2Fmedia&parent=32"}],"curies":[{"name":"wp","href":"https:\/\/api.w.org\/{rel}","templated":true}]}}